{"id":771,"date":"2022-01-05T21:35:00","date_gmt":"2022-01-05T20:35:00","guid":{"rendered":"https:\/\/muzeumcystersow.pl\/cystersi\/sztuka-zakonu\/"},"modified":"2022-01-05T21:39:55","modified_gmt":"2022-01-05T20:39:55","slug":"the-art-of-cistercian-order","status":"publish","type":"page","link":"https:\/\/muzeumcystersow.pl\/en\/cistercian\/the-art-of-cistercian-order\/","title":{"rendered":"The art of Cistercian order"},"content":{"rendered":"\n<h2>\n\t\tThe art of Cistercian order\n\t<\/h2>\n\t<p><strong>The art of the Cistercian order is an actualization of the thoughts of St. Bernard of Clairvaux. Cistercians owe him not only the influence on the development of religious spirituality and piety, but also a contribution to the understanding of aesthetics. <\/strong><\/p>\n<p>According to the recommendations of St. Bernard, Cistercian churches and monasteries should be characterized by simplicity and architectural austerity. The aesthetic of the building was to be subordinated to the function of places, i.e. prayer and work.<\/p>\n<p>In his treatise &#8220;Apologia ad Guillelmum&#8221; (directed to William of Saint Thierry), St. Bernard pointed out that the richness and variety of the decoration of churches distract the monks&#8217; attention, interfering with prayer and contemplation.<\/p>\n<p>St. Bernard postulated the reduction of decorative elements: the abandonment of paintings and sculptures.<\/p>\n<p>Strict resolutions of Cistercian general chapters at the beginning of the history of the order tried to prevent excessive decoration of churches and monastery buildings; however, this did not lead to the removal of all decorative elements from abbeys.<\/p>\n<p>Gradually, people began to loosen the recommendations of St. Bernard. The Cistercians used clear stained glass with ornamental geometric and floral decorations. The same was the case with floor tiles.<\/p>\n<p>Another change from the rules of the Rule was the appearance of zoomorphic and figural representations in the interiors of the monastery and church.<\/p>\n<p>This phenomenon was especially noticeable in illuminations, which then influenced painting, sculpture and architecture.<\/p>\n<p><strong>ORNAMENT<\/strong><\/p>\n<p>A copy of the template from the Rein Monastery in Austria (Reiner Musterbuch), 1208-1213; author unknown<\/p>\n<p>On the cards of the template, apart from scenes from everyday life, there are figures of birds, animals, plants, precious stones, calligraphic initials, and ornamental motifs similar in style to Greek mosaics.<\/p>\n<p>These motifs were used to decorate tiles, stained glass, or manuscripts. Templates of this type were transferred between Cistercian monasteries.<\/p>\n<p><strong>MUSIC<\/strong><\/p>\n<p>The rule of St. Benedict, common to the entire family of Benedictine orders, defines the exact place of singing and and other music in the liturgy and life of monks.<\/p>\n<p>The Cistercians reformed liturgical singing as early as 1147, which St. Bernard of Clairvaux worked very hard for.<\/p>\n<p>The Cistercian chant, derived from the Gregorian chant, is characterized by brevity and simplicity of the melodic line. It functioned in this form by the Cistercians until the 17th century.<\/p>\n<p>\u201eViridarium musico-Marianum. Contertus ecclesiasticos (&#8230;)&#8221;, Johann Donfried, Trier, 1627<\/p>\n<p>&nbsp;<\/p>\n\n","protected":false},"excerpt":{"rendered":"<p>The art of Cistercian order The art of the Cistercian order is an actualization of the thoughts of St. Bernard of Clairvaux. Cistercians owe him not only the influence on the development of religious spirituality and piety, but also a contribution to the understanding of aesthetics. According to the recommendations of St. Bernard, Cistercian churches [&hellip;]<\/p>\n","protected":false},"author":2,"featured_media":0,"parent":686,"menu_order":0,"comment_status":"closed","ping_status":"closed","template":"","meta":{"site-sidebar-layout":"no-sidebar","site-content-layout":"page-builder","ast-site-content-layout":"","site-content-style":"default","site-sidebar-style":"default","ast-global-header-display":"","ast-banner-title-visibility":"","ast-main-header-display":"","ast-hfb-above-header-display":"","ast-hfb-below-header-display":"","ast-hfb-mobile-header-display":"","site-post-title":"disabled","ast-breadcrumbs-content":"","ast-featured-img":"disabled","footer-sml-layout":"","theme-transparent-header-meta":"default","adv-header-id-meta":"","stick-header-meta":"","header-above-stick-meta":"","header-main-stick-meta":"","header-below-stick-meta":"","astra-migrate-meta-layouts":"default","ast-page-background-enabled":"default","ast-page-background-meta":{"desktop":{"background-color":"var(--ast-global-color-4)","background-image":"","background-repeat":"repeat","background-position":"center center","background-size":"auto","background-attachment":"scroll","background-type":"","background-media":"","overlay-type":"","overlay-color":"","overlay-gradient":""},"tablet":{"background-color":"","background-image":"","background-repeat":"repeat","background-position":"center center","background-size":"auto","background-attachment":"scroll","background-type":"","background-media":"","overlay-type":"","overlay-color":"","overlay-gradient":""},"mobile":{"background-color":"","background-image":"","background-repeat":"repeat","background-position":"center center","background-size":"auto","background-attachment":"scroll","background-type":"","background-media":"","overlay-type":"","overlay-color":"","overlay-gradient":""}},"ast-content-background-meta":{"desktop":{"background-color":"var(--ast-global-color-5)","background-image":"","background-repeat":"repeat","background-position":"center center","background-size":"auto","background-attachment":"scroll","background-type":"","background-media":"","overlay-type":"","overlay-color":"","overlay-gradient":""},"tablet":{"background-color":"var(--ast-global-color-5)","background-image":"","background-repeat":"repeat","background-position":"center center","background-size":"auto","background-attachment":"scroll","background-type":"","background-media":"","overlay-type":"","overlay-color":"","overlay-gradient":""},"mobile":{"background-color":"var(--ast-global-color-5)","background-image":"","background-repeat":"repeat","background-position":"center center","background-size":"auto","background-attachment":"scroll","background-type":"","background-media":"","overlay-type":"","overlay-color":"","overlay-gradient":""}},"footnotes":""},"class_list":["post-771","page","type-page","status-publish","hentry"],"yoast_head":"<!-- This site is optimized with the Yoast SEO plugin v22.4 - https:\/\/yoast.com\/wordpress\/plugins\/seo\/ -->\n<title>The art of Cistercian order &#8211; Muzeum Duchowo\u015bci i Kultury Cysters\u00f3w wraz z Bibliotek\u0105 w Opactwie Cysters\u00f3w w Mogile<\/title>\n<meta name=\"robots\" content=\"index, follow, max-snippet:-1, max-image-preview:large, max-video-preview:-1\" \/>\n<link rel=\"canonical\" href=\"https:\/\/muzeumcystersow.pl\/en\/cistercian\/the-art-of-cistercian-order\/\" \/>\n<meta property=\"og:locale\" content=\"en_US\" \/>\n<meta property=\"og:type\" content=\"article\" \/>\n<meta property=\"og:title\" content=\"The art of Cistercian order &#8211; Muzeum Duchowo\u015bci i Kultury Cysters\u00f3w wraz z Bibliotek\u0105 w Opactwie Cysters\u00f3w w Mogile\" \/>\n<meta property=\"og:description\" content=\"The art of Cistercian order The art of the Cistercian order is an actualization of the thoughts of St. Bernard of Clairvaux. Cistercians owe him not only the influence on the development of religious spirituality and piety, but also a contribution to the understanding of aesthetics. According to the recommendations of St. Bernard, Cistercian churches [&hellip;]\" \/>\n<meta property=\"og:url\" content=\"https:\/\/muzeumcystersow.pl\/en\/cistercian\/the-art-of-cistercian-order\/\" \/>\n<meta property=\"og:site_name\" content=\"Muzeum Duchowo\u015bci i Kultury Cysters\u00f3w wraz z Bibliotek\u0105 w Opactwie Cysters\u00f3w w Mogile\" \/>\n<meta property=\"article:publisher\" content=\"https:\/\/www.facebook.com\/muzeumcystersow\" \/>\n<meta property=\"article:modified_time\" content=\"2022-01-05T20:39:55+00:00\" \/>\n<meta name=\"twitter:card\" content=\"summary_large_image\" \/>\n<meta name=\"twitter:label1\" content=\"Est. reading time\" \/>\n\t<meta name=\"twitter:data1\" content=\"2 minutes\" \/>\n<script type=\"application\/ld+json\" class=\"yoast-schema-graph\">{\"@context\":\"https:\/\/schema.org\",\"@graph\":[{\"@type\":\"WebPage\",\"@id\":\"https:\/\/muzeumcystersow.pl\/en\/cistercian\/the-art-of-cistercian-order\/\",\"url\":\"https:\/\/muzeumcystersow.pl\/en\/cistercian\/the-art-of-cistercian-order\/\",\"name\":\"The art of Cistercian order &#8211; Muzeum Duchowo\u015bci i Kultury Cysters\u00f3w wraz z Bibliotek\u0105 w Opactwie Cysters\u00f3w w Mogile\",\"isPartOf\":{\"@id\":\"https:\/\/muzeumcystersow.pl\/en\/#website\"},\"datePublished\":\"2022-01-05T20:35:00+00:00\",\"dateModified\":\"2022-01-05T20:39:55+00:00\",\"breadcrumb\":{\"@id\":\"https:\/\/muzeumcystersow.pl\/en\/cistercian\/the-art-of-cistercian-order\/#breadcrumb\"},\"inLanguage\":\"en-US\",\"potentialAction\":[{\"@type\":\"ReadAction\",\"target\":[\"https:\/\/muzeumcystersow.pl\/en\/cistercian\/the-art-of-cistercian-order\/\"]}]},{\"@type\":\"BreadcrumbList\",\"@id\":\"https:\/\/muzeumcystersow.pl\/en\/cistercian\/the-art-of-cistercian-order\/#breadcrumb\",\"itemListElement\":[{\"@type\":\"ListItem\",\"position\":1,\"name\":\"Strona g\u0142\u00f3wna\",\"item\":\"https:\/\/muzeumcystersow.pl\/en\/\"},{\"@type\":\"ListItem\",\"position\":2,\"name\":\"Cistercian\",\"item\":\"https:\/\/muzeumcystersow.pl\/en\/cistercian\/\"},{\"@type\":\"ListItem\",\"position\":3,\"name\":\"The art of Cistercian order\"}]},{\"@type\":\"WebSite\",\"@id\":\"https:\/\/muzeumcystersow.pl\/en\/#website\",\"url\":\"https:\/\/muzeumcystersow.pl\/en\/\",\"name\":\"Muzeum Cysters\u00f3w w Mogile\",\"description\":\"Ora et labora\",\"publisher\":{\"@id\":\"https:\/\/muzeumcystersow.pl\/en\/#organization\"},\"potentialAction\":[{\"@type\":\"SearchAction\",\"target\":{\"@type\":\"EntryPoint\",\"urlTemplate\":\"https:\/\/muzeumcystersow.pl\/en\/?s={search_term_string}\"},\"query-input\":\"required name=search_term_string\"}],\"inLanguage\":\"en-US\"},{\"@type\":\"Organization\",\"@id\":\"https:\/\/muzeumcystersow.pl\/en\/#organization\",\"name\":\"Muzeum Cysters\u00f3w w Mogile\",\"url\":\"https:\/\/muzeumcystersow.pl\/en\/\",\"logo\":{\"@type\":\"ImageObject\",\"inLanguage\":\"en-US\",\"@id\":\"https:\/\/muzeumcystersow.pl\/en\/#\/schema\/logo\/image\/\",\"url\":\"https:\/\/muzeumcystersow.pl\/wp-content\/uploads\/2021\/10\/logo_cystersi_450px.png\",\"contentUrl\":\"https:\/\/muzeumcystersow.pl\/wp-content\/uploads\/2021\/10\/logo_cystersi_450px.png\",\"width\":450,\"height\":245,\"caption\":\"Muzeum Cysters\u00f3w w Mogile\"},\"image\":{\"@id\":\"https:\/\/muzeumcystersow.pl\/en\/#\/schema\/logo\/image\/\"},\"sameAs\":[\"https:\/\/www.facebook.com\/muzeumcystersow\",\"https:\/\/www.instagram.com\/muzeumcystersow\/\"]}]}<\/script>\n<!-- \/ Yoast SEO plugin. -->","yoast_head_json":{"title":"The art of Cistercian order &#8211; Muzeum Duchowo\u015bci i Kultury Cysters\u00f3w wraz z Bibliotek\u0105 w Opactwie Cysters\u00f3w w Mogile","robots":{"index":"index","follow":"follow","max-snippet":"max-snippet:-1","max-image-preview":"max-image-preview:large","max-video-preview":"max-video-preview:-1"},"canonical":"https:\/\/muzeumcystersow.pl\/en\/cistercian\/the-art-of-cistercian-order\/","og_locale":"en_US","og_type":"article","og_title":"The art of Cistercian order &#8211; Muzeum Duchowo\u015bci i Kultury Cysters\u00f3w wraz z Bibliotek\u0105 w Opactwie Cysters\u00f3w w Mogile","og_description":"The art of Cistercian order The art of the Cistercian order is an actualization of the thoughts of St. Bernard of Clairvaux. Cistercians owe him not only the influence on the development of religious spirituality and piety, but also a contribution to the understanding of aesthetics. According to the recommendations of St. Bernard, Cistercian churches [&hellip;]","og_url":"https:\/\/muzeumcystersow.pl\/en\/cistercian\/the-art-of-cistercian-order\/","og_site_name":"Muzeum Duchowo\u015bci i Kultury Cysters\u00f3w wraz z Bibliotek\u0105 w Opactwie Cysters\u00f3w w Mogile","article_publisher":"https:\/\/www.facebook.com\/muzeumcystersow","article_modified_time":"2022-01-05T20:39:55+00:00","twitter_card":"summary_large_image","twitter_misc":{"Est. reading time":"2 minutes"},"schema":{"@context":"https:\/\/schema.org","@graph":[{"@type":"WebPage","@id":"https:\/\/muzeumcystersow.pl\/en\/cistercian\/the-art-of-cistercian-order\/","url":"https:\/\/muzeumcystersow.pl\/en\/cistercian\/the-art-of-cistercian-order\/","name":"The art of Cistercian order &#8211; Muzeum Duchowo\u015bci i Kultury Cysters\u00f3w wraz z Bibliotek\u0105 w Opactwie Cysters\u00f3w w Mogile","isPartOf":{"@id":"https:\/\/muzeumcystersow.pl\/en\/#website"},"datePublished":"2022-01-05T20:35:00+00:00","dateModified":"2022-01-05T20:39:55+00:00","breadcrumb":{"@id":"https:\/\/muzeumcystersow.pl\/en\/cistercian\/the-art-of-cistercian-order\/#breadcrumb"},"inLanguage":"en-US","potentialAction":[{"@type":"ReadAction","target":["https:\/\/muzeumcystersow.pl\/en\/cistercian\/the-art-of-cistercian-order\/"]}]},{"@type":"BreadcrumbList","@id":"https:\/\/muzeumcystersow.pl\/en\/cistercian\/the-art-of-cistercian-order\/#breadcrumb","itemListElement":[{"@type":"ListItem","position":1,"name":"Strona g\u0142\u00f3wna","item":"https:\/\/muzeumcystersow.pl\/en\/"},{"@type":"ListItem","position":2,"name":"Cistercian","item":"https:\/\/muzeumcystersow.pl\/en\/cistercian\/"},{"@type":"ListItem","position":3,"name":"The art of Cistercian order"}]},{"@type":"WebSite","@id":"https:\/\/muzeumcystersow.pl\/en\/#website","url":"https:\/\/muzeumcystersow.pl\/en\/","name":"Muzeum Cysters\u00f3w w Mogile","description":"Ora et labora","publisher":{"@id":"https:\/\/muzeumcystersow.pl\/en\/#organization"},"potentialAction":[{"@type":"SearchAction","target":{"@type":"EntryPoint","urlTemplate":"https:\/\/muzeumcystersow.pl\/en\/?s={search_term_string}"},"query-input":"required name=search_term_string"}],"inLanguage":"en-US"},{"@type":"Organization","@id":"https:\/\/muzeumcystersow.pl\/en\/#organization","name":"Muzeum Cysters\u00f3w w Mogile","url":"https:\/\/muzeumcystersow.pl\/en\/","logo":{"@type":"ImageObject","inLanguage":"en-US","@id":"https:\/\/muzeumcystersow.pl\/en\/#\/schema\/logo\/image\/","url":"https:\/\/muzeumcystersow.pl\/wp-content\/uploads\/2021\/10\/logo_cystersi_450px.png","contentUrl":"https:\/\/muzeumcystersow.pl\/wp-content\/uploads\/2021\/10\/logo_cystersi_450px.png","width":450,"height":245,"caption":"Muzeum Cysters\u00f3w w Mogile"},"image":{"@id":"https:\/\/muzeumcystersow.pl\/en\/#\/schema\/logo\/image\/"},"sameAs":["https:\/\/www.facebook.com\/muzeumcystersow","https:\/\/www.instagram.com\/muzeumcystersow\/"]}]}},"_links":{"self":[{"href":"https:\/\/muzeumcystersow.pl\/en\/wp-json\/wp\/v2\/pages\/771","targetHints":{"allow":["GET"]}}],"collection":[{"href":"https:\/\/muzeumcystersow.pl\/en\/wp-json\/wp\/v2\/pages"}],"about":[{"href":"https:\/\/muzeumcystersow.pl\/en\/wp-json\/wp\/v2\/types\/page"}],"author":[{"embeddable":true,"href":"https:\/\/muzeumcystersow.pl\/en\/wp-json\/wp\/v2\/users\/2"}],"replies":[{"embeddable":true,"href":"https:\/\/muzeumcystersow.pl\/en\/wp-json\/wp\/v2\/comments?post=771"}],"version-history":[{"count":2,"href":"https:\/\/muzeumcystersow.pl\/en\/wp-json\/wp\/v2\/pages\/771\/revisions"}],"predecessor-version":[{"id":773,"href":"https:\/\/muzeumcystersow.pl\/en\/wp-json\/wp\/v2\/pages\/771\/revisions\/773"}],"up":[{"embeddable":true,"href":"https:\/\/muzeumcystersow.pl\/en\/wp-json\/wp\/v2\/pages\/686"}],"wp:attachment":[{"href":"https:\/\/muzeumcystersow.pl\/en\/wp-json\/wp\/v2\/media?parent=771"}],"curies":[{"name":"wp","href":"https:\/\/api.w.org\/{rel}","templated":true}]}}