{"id":759,"date":"2022-01-05T21:26:51","date_gmt":"2022-01-05T20:26:51","guid":{"rendered":"https:\/\/muzeumcystersow.pl\/cystersi\/monastycyzm\/"},"modified":"2022-01-05T21:30:04","modified_gmt":"2022-01-05T20:30:04","slug":"the-monasticism","status":"publish","type":"page","link":"https:\/\/muzeumcystersow.pl\/en\/cistercian\/the-monasticism\/","title":{"rendered":"The Monasticism"},"content":{"rendered":"\n<h2>\n\t\tThe Monasticism\n\t<\/h2>\n\t<p><strong>Monasticism (Greek: m\u00f3nos &#8211; alone, lonely) is a religious form of community life based on a religious rule in the name of worship, striving for perfection and practicing virtues. An inseparable element of monasticism is asceticism. The fact that this phenomenon occurs in nearly all organized religions is virtually unique in anthropology.<\/strong><\/p>\nApart from Christian monasticism, the most famous and extensive phenomenon of this type is Buddhist monasticism, which developed in India, Central Asia, China, and Japan.<br \/>\nIn classical Mediterranean culture, this phenomenon was almost completely absent.<br \/>\nThere were a few philosophical schools postulating a common life for adepts, but they were not strictly religiously motivated.<br \/>\nThe exception was ancient Rome, where there was a college of six Vestals: priestesses of the goddess Vesta who lived a common life and were responsible for maintaining the eternal fire in the temple of this goddess, as well as for the periodic ritual cleansing of the city.\nThere were also two known monastic communities in the ancient Jewish world: therapists and Essenes.<br \/>\nPhilo of Alexandria writes about therapists in the work De vita contemplativa (before 10 B.C. &#8211; after 40 A.D.), and describes this community of men and women as admittedly non-ascetic, but maintaining strict discipline and fasting, as well as practicing prayer and reading scriptures.<br \/>\nThe aim of the therapists was not to live in repentance and mortification, but in silence and seclusion from the city&#8217;s noise, enabling contemplation and devotion to God. They lived separately in small houses, divided into two parts: one for prayer and one for sleep. They obeyed the Mosaic Law, prayed twice a day, meditated on the Law, kept the Sabbath, and celebrated jubilees every fifty days, where they prayed together, dined, and danced.<br \/>\nThe Essenes (ca. 152 B.C.-70 A.D.) was a group which was separated from the temple cult.<br \/>\nThey were characterized by their avoidance of contact with the Temple. They were concentrated in closed communities, sharing one property. They practiced celibacy and obeyed the Mosaic Law, especially in regards to ritual purity, the Sabbath, and prayer.<br \/>\nThey lived in a hierarchical community with complete obedience to their superiors.<br \/>\nThey also studied and rewrote saint books. These, after their discovery in 1947 A.D. and years of painstaking work of conservators, became an invaluable source of knowledge for historians, especially biblical scholars.\n\n","protected":false},"excerpt":{"rendered":"<p>The Monasticism Monasticism (Greek: m\u00f3nos &#8211; alone, lonely) is a religious form of community life based on a religious rule in the name of worship, striving for perfection and practicing virtues. An inseparable element of monasticism is asceticism. The fact that this phenomenon occurs in nearly all organized religions is virtually unique in anthropology. Apart [&hellip;]<\/p>\n","protected":false},"author":2,"featured_media":0,"parent":686,"menu_order":0,"comment_status":"closed","ping_status":"closed","template":"","meta":{"site-sidebar-layout":"no-sidebar","site-content-layout":"page-builder","ast-site-content-layout":"","site-content-style":"default","site-sidebar-style":"default","ast-global-header-display":"","ast-banner-title-visibility":"","ast-main-header-display":"","ast-hfb-above-header-display":"","ast-hfb-below-header-display":"","ast-hfb-mobile-header-display":"","site-post-title":"disabled","ast-breadcrumbs-content":"","ast-featured-img":"disabled","footer-sml-layout":"","theme-transparent-header-meta":"default","adv-header-id-meta":"","stick-header-meta":"","header-above-stick-meta":"","header-main-stick-meta":"","header-below-stick-meta":"","astra-migrate-meta-layouts":"default","ast-page-background-enabled":"default","ast-page-background-meta":{"desktop":{"background-color":"var(--ast-global-color-4)","background-image":"","background-repeat":"repeat","background-position":"center center","background-size":"auto","background-attachment":"scroll","background-type":"","background-media":"","overlay-type":"","overlay-color":"","overlay-gradient":""},"tablet":{"background-color":"","background-image":"","background-repeat":"repeat","background-position":"center center","background-size":"auto","background-attachment":"scroll","background-type":"","background-media":"","overlay-type":"","overlay-color":"","overlay-gradient":""},"mobile":{"background-color":"","background-image":"","background-repeat":"repeat","background-position":"center center","background-size":"auto","background-attachment":"scroll","background-type":"","background-media":"","overlay-type":"","overlay-color":"","overlay-gradient":""}},"ast-content-background-meta":{"desktop":{"background-color":"var(--ast-global-color-5)","background-image":"","background-repeat":"repeat","background-position":"center center","background-size":"auto","background-attachment":"scroll","background-type":"","background-media":"","overlay-type":"","overlay-color":"","overlay-gradient":""},"tablet":{"background-color":"var(--ast-global-color-5)","background-image":"","background-repeat":"repeat","background-position":"center center","background-size":"auto","background-attachment":"scroll","background-type":"","background-media":"","overlay-type":"","overlay-color":"","overlay-gradient":""},"mobile":{"background-color":"var(--ast-global-color-5)","background-image":"","background-repeat":"repeat","background-position":"center center","background-size":"auto","background-attachment":"scroll","background-type":"","background-media":"","overlay-type":"","overlay-color":"","overlay-gradient":""}},"footnotes":""},"class_list":["post-759","page","type-page","status-publish","hentry"],"yoast_head":"<!-- This site is optimized with the Yoast SEO plugin v22.4 - https:\/\/yoast.com\/wordpress\/plugins\/seo\/ -->\n<title>The Monasticism &#8211; Muzeum Duchowo\u015bci i Kultury Cysters\u00f3w wraz z Bibliotek\u0105 w Opactwie Cysters\u00f3w w Mogile<\/title>\n<meta name=\"robots\" content=\"index, follow, max-snippet:-1, max-image-preview:large, max-video-preview:-1\" \/>\n<link rel=\"canonical\" href=\"https:\/\/muzeumcystersow.pl\/en\/cistercian\/the-monasticism\/\" \/>\n<meta property=\"og:locale\" content=\"en_US\" \/>\n<meta property=\"og:type\" content=\"article\" \/>\n<meta property=\"og:title\" content=\"The Monasticism &#8211; Muzeum Duchowo\u015bci i Kultury Cysters\u00f3w wraz z Bibliotek\u0105 w Opactwie Cysters\u00f3w w Mogile\" \/>\n<meta property=\"og:description\" content=\"The Monasticism Monasticism (Greek: m\u00f3nos &#8211; alone, lonely) is a religious form of community life based on a religious rule in the name of worship, striving for perfection and practicing virtues. An inseparable element of monasticism is asceticism. The fact that this phenomenon occurs in nearly all organized religions is virtually unique in anthropology. Apart [&hellip;]\" \/>\n<meta property=\"og:url\" content=\"https:\/\/muzeumcystersow.pl\/en\/cistercian\/the-monasticism\/\" \/>\n<meta property=\"og:site_name\" content=\"Muzeum Duchowo\u015bci i Kultury Cysters\u00f3w wraz z Bibliotek\u0105 w Opactwie Cysters\u00f3w w Mogile\" \/>\n<meta property=\"article:publisher\" content=\"https:\/\/www.facebook.com\/muzeumcystersow\" \/>\n<meta property=\"article:modified_time\" content=\"2022-01-05T20:30:04+00:00\" \/>\n<meta name=\"twitter:card\" content=\"summary_large_image\" \/>\n<meta name=\"twitter:label1\" content=\"Est. reading time\" \/>\n\t<meta name=\"twitter:data1\" content=\"2 minutes\" \/>\n<script type=\"application\/ld+json\" class=\"yoast-schema-graph\">{\"@context\":\"https:\/\/schema.org\",\"@graph\":[{\"@type\":\"WebPage\",\"@id\":\"https:\/\/muzeumcystersow.pl\/en\/cistercian\/the-monasticism\/\",\"url\":\"https:\/\/muzeumcystersow.pl\/en\/cistercian\/the-monasticism\/\",\"name\":\"The Monasticism &#8211; Muzeum Duchowo\u015bci i Kultury Cysters\u00f3w wraz z Bibliotek\u0105 w Opactwie Cysters\u00f3w w Mogile\",\"isPartOf\":{\"@id\":\"https:\/\/muzeumcystersow.pl\/en\/#website\"},\"datePublished\":\"2022-01-05T20:26:51+00:00\",\"dateModified\":\"2022-01-05T20:30:04+00:00\",\"breadcrumb\":{\"@id\":\"https:\/\/muzeumcystersow.pl\/en\/cistercian\/the-monasticism\/#breadcrumb\"},\"inLanguage\":\"en-US\",\"potentialAction\":[{\"@type\":\"ReadAction\",\"target\":[\"https:\/\/muzeumcystersow.pl\/en\/cistercian\/the-monasticism\/\"]}]},{\"@type\":\"BreadcrumbList\",\"@id\":\"https:\/\/muzeumcystersow.pl\/en\/cistercian\/the-monasticism\/#breadcrumb\",\"itemListElement\":[{\"@type\":\"ListItem\",\"position\":1,\"name\":\"Strona g\u0142\u00f3wna\",\"item\":\"https:\/\/muzeumcystersow.pl\/en\/\"},{\"@type\":\"ListItem\",\"position\":2,\"name\":\"Cistercian\",\"item\":\"https:\/\/muzeumcystersow.pl\/en\/cistercian\/\"},{\"@type\":\"ListItem\",\"position\":3,\"name\":\"The Monasticism\"}]},{\"@type\":\"WebSite\",\"@id\":\"https:\/\/muzeumcystersow.pl\/en\/#website\",\"url\":\"https:\/\/muzeumcystersow.pl\/en\/\",\"name\":\"Muzeum Cysters\u00f3w w Mogile\",\"description\":\"Ora et labora\",\"publisher\":{\"@id\":\"https:\/\/muzeumcystersow.pl\/en\/#organization\"},\"potentialAction\":[{\"@type\":\"SearchAction\",\"target\":{\"@type\":\"EntryPoint\",\"urlTemplate\":\"https:\/\/muzeumcystersow.pl\/en\/?s={search_term_string}\"},\"query-input\":\"required name=search_term_string\"}],\"inLanguage\":\"en-US\"},{\"@type\":\"Organization\",\"@id\":\"https:\/\/muzeumcystersow.pl\/en\/#organization\",\"name\":\"Muzeum Cysters\u00f3w w Mogile\",\"url\":\"https:\/\/muzeumcystersow.pl\/en\/\",\"logo\":{\"@type\":\"ImageObject\",\"inLanguage\":\"en-US\",\"@id\":\"https:\/\/muzeumcystersow.pl\/en\/#\/schema\/logo\/image\/\",\"url\":\"https:\/\/muzeumcystersow.pl\/wp-content\/uploads\/2021\/10\/logo_cystersi_450px.png\",\"contentUrl\":\"https:\/\/muzeumcystersow.pl\/wp-content\/uploads\/2021\/10\/logo_cystersi_450px.png\",\"width\":450,\"height\":245,\"caption\":\"Muzeum Cysters\u00f3w w Mogile\"},\"image\":{\"@id\":\"https:\/\/muzeumcystersow.pl\/en\/#\/schema\/logo\/image\/\"},\"sameAs\":[\"https:\/\/www.facebook.com\/muzeumcystersow\",\"https:\/\/www.instagram.com\/muzeumcystersow\/\"]}]}<\/script>\n<!-- \/ Yoast SEO plugin. -->","yoast_head_json":{"title":"The Monasticism &#8211; Muzeum Duchowo\u015bci i Kultury Cysters\u00f3w wraz z Bibliotek\u0105 w Opactwie Cysters\u00f3w w Mogile","robots":{"index":"index","follow":"follow","max-snippet":"max-snippet:-1","max-image-preview":"max-image-preview:large","max-video-preview":"max-video-preview:-1"},"canonical":"https:\/\/muzeumcystersow.pl\/en\/cistercian\/the-monasticism\/","og_locale":"en_US","og_type":"article","og_title":"The Monasticism &#8211; Muzeum Duchowo\u015bci i Kultury Cysters\u00f3w wraz z Bibliotek\u0105 w Opactwie Cysters\u00f3w w Mogile","og_description":"The Monasticism Monasticism (Greek: m\u00f3nos &#8211; alone, lonely) is a religious form of community life based on a religious rule in the name of worship, striving for perfection and practicing virtues. An inseparable element of monasticism is asceticism. The fact that this phenomenon occurs in nearly all organized religions is virtually unique in anthropology. Apart [&hellip;]","og_url":"https:\/\/muzeumcystersow.pl\/en\/cistercian\/the-monasticism\/","og_site_name":"Muzeum Duchowo\u015bci i Kultury Cysters\u00f3w wraz z Bibliotek\u0105 w Opactwie Cysters\u00f3w w Mogile","article_publisher":"https:\/\/www.facebook.com\/muzeumcystersow","article_modified_time":"2022-01-05T20:30:04+00:00","twitter_card":"summary_large_image","twitter_misc":{"Est. reading time":"2 minutes"},"schema":{"@context":"https:\/\/schema.org","@graph":[{"@type":"WebPage","@id":"https:\/\/muzeumcystersow.pl\/en\/cistercian\/the-monasticism\/","url":"https:\/\/muzeumcystersow.pl\/en\/cistercian\/the-monasticism\/","name":"The Monasticism &#8211; Muzeum Duchowo\u015bci i Kultury Cysters\u00f3w wraz z Bibliotek\u0105 w Opactwie Cysters\u00f3w w Mogile","isPartOf":{"@id":"https:\/\/muzeumcystersow.pl\/en\/#website"},"datePublished":"2022-01-05T20:26:51+00:00","dateModified":"2022-01-05T20:30:04+00:00","breadcrumb":{"@id":"https:\/\/muzeumcystersow.pl\/en\/cistercian\/the-monasticism\/#breadcrumb"},"inLanguage":"en-US","potentialAction":[{"@type":"ReadAction","target":["https:\/\/muzeumcystersow.pl\/en\/cistercian\/the-monasticism\/"]}]},{"@type":"BreadcrumbList","@id":"https:\/\/muzeumcystersow.pl\/en\/cistercian\/the-monasticism\/#breadcrumb","itemListElement":[{"@type":"ListItem","position":1,"name":"Strona g\u0142\u00f3wna","item":"https:\/\/muzeumcystersow.pl\/en\/"},{"@type":"ListItem","position":2,"name":"Cistercian","item":"https:\/\/muzeumcystersow.pl\/en\/cistercian\/"},{"@type":"ListItem","position":3,"name":"The Monasticism"}]},{"@type":"WebSite","@id":"https:\/\/muzeumcystersow.pl\/en\/#website","url":"https:\/\/muzeumcystersow.pl\/en\/","name":"Muzeum Cysters\u00f3w w Mogile","description":"Ora et labora","publisher":{"@id":"https:\/\/muzeumcystersow.pl\/en\/#organization"},"potentialAction":[{"@type":"SearchAction","target":{"@type":"EntryPoint","urlTemplate":"https:\/\/muzeumcystersow.pl\/en\/?s={search_term_string}"},"query-input":"required name=search_term_string"}],"inLanguage":"en-US"},{"@type":"Organization","@id":"https:\/\/muzeumcystersow.pl\/en\/#organization","name":"Muzeum Cysters\u00f3w w Mogile","url":"https:\/\/muzeumcystersow.pl\/en\/","logo":{"@type":"ImageObject","inLanguage":"en-US","@id":"https:\/\/muzeumcystersow.pl\/en\/#\/schema\/logo\/image\/","url":"https:\/\/muzeumcystersow.pl\/wp-content\/uploads\/2021\/10\/logo_cystersi_450px.png","contentUrl":"https:\/\/muzeumcystersow.pl\/wp-content\/uploads\/2021\/10\/logo_cystersi_450px.png","width":450,"height":245,"caption":"Muzeum Cysters\u00f3w w Mogile"},"image":{"@id":"https:\/\/muzeumcystersow.pl\/en\/#\/schema\/logo\/image\/"},"sameAs":["https:\/\/www.facebook.com\/muzeumcystersow","https:\/\/www.instagram.com\/muzeumcystersow\/"]}]}},"_links":{"self":[{"href":"https:\/\/muzeumcystersow.pl\/en\/wp-json\/wp\/v2\/pages\/759","targetHints":{"allow":["GET"]}}],"collection":[{"href":"https:\/\/muzeumcystersow.pl\/en\/wp-json\/wp\/v2\/pages"}],"about":[{"href":"https:\/\/muzeumcystersow.pl\/en\/wp-json\/wp\/v2\/types\/page"}],"author":[{"embeddable":true,"href":"https:\/\/muzeumcystersow.pl\/en\/wp-json\/wp\/v2\/users\/2"}],"replies":[{"embeddable":true,"href":"https:\/\/muzeumcystersow.pl\/en\/wp-json\/wp\/v2\/comments?post=759"}],"version-history":[{"count":2,"href":"https:\/\/muzeumcystersow.pl\/en\/wp-json\/wp\/v2\/pages\/759\/revisions"}],"predecessor-version":[{"id":761,"href":"https:\/\/muzeumcystersow.pl\/en\/wp-json\/wp\/v2\/pages\/759\/revisions\/761"}],"up":[{"embeddable":true,"href":"https:\/\/muzeumcystersow.pl\/en\/wp-json\/wp\/v2\/pages\/686"}],"wp:attachment":[{"href":"https:\/\/muzeumcystersow.pl\/en\/wp-json\/wp\/v2\/media?parent=759"}],"curies":[{"name":"wp","href":"https:\/\/api.w.org\/{rel}","templated":true}]}}