{"id":673,"date":"2021-10-22T17:57:33","date_gmt":"2021-10-22T15:57:33","guid":{"rendered":"https:\/\/muzeumcystersow.pl\/strona-glowna\/"},"modified":"2025-10-26T09:39:13","modified_gmt":"2025-10-26T08:39:13","slug":"strona-glowna","status":"publish","type":"page","link":"https:\/\/muzeumcystersow.pl\/en\/","title":{"rendered":"Homepage"},"content":{"rendered":"\n<h1>\n\t\tMuseum of Cistercian Spirituality and Culture with the Library in the Cistercian Abbey in Mogi\u0142a\n\t<\/h1>\n\t<p>The theme of the exhibition presented at the Museum is the spirituality and culture of the Cistercian Order, delivered through the prism of the material contribution made to the development of Europe and its intangible heritage. The exhibition shows the origin of the Cistercians both in the broad context of the history of the entire Order and in the local dimension, concerning the history of the Mogi\u0142a abbey.<\/p>\n<p>In the Museum, you can see the most valuable masterpiece of art from the Mogi\u0142a abbey&#8217;s collections and the most valuable objects from the collection of books of the monastery library. The undoubted attractions are architectural models of Cistercian buildings &#8211; some multimedia ones. The exhibition is partly multimedia in nature.<\/p>\n<p>We invite both individual guests and organized groups to the Museum.<\/p>\n<h2>\n\t\tOpening hours:\n\t<\/h2>\n\t<strong>Summer opening hours<\/strong><br \/>\n(May 1 &#8211; September 30)\nMonday: closed<br \/>\nTuesday: closed<br \/>\nWednesday: 10:00 am &#8211; 3:00 pm<br \/>\nThursday: 10:00 am &#8211; 3:00 pm<br \/>\nFriday: 10:00 am &#8211; 3:00 pm<br \/>\nSaturday: 10:00 am &#8211; 3:00 pm<br \/>\nSunday: 10:00 am &#8211; 3:00 pm\n<strong>Winter opening hours<\/strong><br \/>\n(October 1 &#8211; April 30)\nMonday: closed<br \/>\nTuesday: closed<br \/>\nWednesday: 10:00 am &#8211; 3:00 pm<br \/>\nThursday: closed<br \/>\nFriday: closed<br \/>\nSaturday: 10:00 am &#8211; 3:00 pm<br \/>\nSunday: 10:00 am &#8211; 3:00 pm\nGuided tours (in Polish only) are available by appointment only.<br \/>\nPlease contact us min. 7 days in advance, by email:<br \/>\nkontakt@muzeumcystersow.pl\nThere are no guided tours of the monastery church.<br \/>\nThe monastery library with Renaissance paintings by Stanislaw Samostrzelnik is not available for touring.\n\t<p>Muzeum Duchowo\u015bci i Kultury Cysters\u00f3w wraz z Bibliotek\u0105 w Opactwie Cysters\u00f3w w Krakowie-Mogile finansowane jest ze \u015brodk\u00f3w Europejskiego Funduszu Rozwoju Regionalnego w ramach Regionalnego Programu Operacyjnego Wojew\u00f3dztwa Ma\u0142opolskiego na lata 2014-2020.<\/p>\n\n","protected":false},"excerpt":{"rendered":"<p>Museum of Cistercian Spirituality and Culture with the Library in the Cistercian Abbey in Mogi\u0142a The theme of the exhibition presented at the Museum is the spirituality and culture of the Cistercian Order, delivered through the prism of the material contribution made to the development of Europe and its intangible heritage. The exhibition shows the [&hellip;]<\/p>\n","protected":false},"author":1,"featured_media":0,"parent":0,"menu_order":0,"comment_status":"closed","ping_status":"closed","template":"","meta":{"site-sidebar-layout":"no-sidebar","site-content-layout":"page-builder","ast-site-content-layout":"","site-content-style":"default","site-sidebar-style":"default","ast-global-header-display":"","ast-banner-title-visibility":"","ast-main-header-display":"","ast-hfb-above-header-display":"","ast-hfb-below-header-display":"","ast-hfb-mobile-header-display":"","site-post-title":"disabled","ast-breadcrumbs-content":"","ast-featured-img":"disabled","footer-sml-layout":"","theme-transparent-header-meta":"enabled","adv-header-id-meta":"","stick-header-meta":"","header-above-stick-meta":"","header-main-stick-meta":"","header-below-stick-meta":"","astra-migrate-meta-layouts":"default","ast-page-background-enabled":"default","ast-page-background-meta":{"desktop":{"background-color":"var(--ast-global-color-4)","background-image":"","background-repeat":"repeat","background-position":"center center","background-size":"auto","background-attachment":"scroll","background-type":"","background-media":"","overlay-type":"","overlay-color":"","overlay-gradient":""},"tablet":{"background-color":"","background-image":"","background-repeat":"repeat","background-position":"center center","background-size":"auto","background-attachment":"scroll","background-type":"","background-media":"","overlay-type":"","overlay-color":"","overlay-gradient":""},"mobile":{"background-color":"","background-image":"","background-repeat":"repeat","background-position":"center center","background-size":"auto","background-attachment":"scroll","background-type":"","background-media":"","overlay-type":"","overlay-color":"","overlay-gradient":""}},"ast-content-background-meta":{"desktop":{"background-color":"var(--ast-global-color-5)","background-image":"","background-repeat":"repeat","background-position":"center center","background-size":"auto","background-attachment":"scroll","background-type":"","background-media":"","overlay-type":"","overlay-color":"","overlay-gradient":""},"tablet":{"background-color":"var(--ast-global-color-5)","background-image":"","background-repeat":"repeat","background-position":"center center","background-size":"auto","background-attachment":"scroll","background-type":"","background-media":"","overlay-type":"","overlay-color":"","overlay-gradient":""},"mobile":{"background-color":"var(--ast-global-color-5)","background-image":"","background-repeat":"repeat","background-position":"center center","background-size":"auto","background-attachment":"scroll","background-type":"","background-media":"","overlay-type":"","overlay-color":"","overlay-gradient":""}},"footnotes":""},"class_list":["post-673","page","type-page","status-publish","hentry"],"yoast_head":"<!-- This site is optimized with the Yoast SEO plugin v22.4 - https:\/\/yoast.com\/wordpress\/plugins\/seo\/ -->\n<title>Homepage &#8211; Muzeum Duchowo\u015bci i Kultury Cysters\u00f3w wraz z Bibliotek\u0105 w Opactwie Cysters\u00f3w w Mogile<\/title>\n<meta name=\"robots\" content=\"index, follow, max-snippet:-1, max-image-preview:large, max-video-preview:-1\" \/>\n<link rel=\"canonical\" href=\"https:\/\/muzeumcystersow.pl\/en\/\" \/>\n<meta property=\"og:locale\" content=\"en_US\" \/>\n<meta property=\"og:type\" content=\"article\" \/>\n<meta property=\"og:title\" content=\"Homepage &#8211; Muzeum Duchowo\u015bci i Kultury Cysters\u00f3w wraz z Bibliotek\u0105 w Opactwie Cysters\u00f3w w Mogile\" \/>\n<meta property=\"og:description\" content=\"Museum of Cistercian Spirituality and Culture with the Library in the Cistercian Abbey in Mogi\u0142a The theme of the exhibition presented at the Museum is the spirituality and culture of the Cistercian Order, delivered through the prism of the material contribution made to the development of Europe and its intangible heritage. The exhibition shows the [&hellip;]\" \/>\n<meta property=\"og:url\" content=\"https:\/\/muzeumcystersow.pl\/en\/\" \/>\n<meta property=\"og:site_name\" content=\"Muzeum Duchowo\u015bci i Kultury Cysters\u00f3w wraz z Bibliotek\u0105 w Opactwie Cysters\u00f3w w Mogile\" \/>\n<meta property=\"article:publisher\" content=\"https:\/\/www.facebook.com\/muzeumcystersow\" \/>\n<meta property=\"article:modified_time\" content=\"2025-10-26T08:39:13+00:00\" \/>\n<meta name=\"twitter:card\" content=\"summary_large_image\" \/>\n<meta name=\"twitter:label1\" content=\"Est. reading time\" \/>\n\t<meta name=\"twitter:data1\" content=\"1 minute\" \/>\n<script type=\"application\/ld+json\" class=\"yoast-schema-graph\">{\"@context\":\"https:\/\/schema.org\",\"@graph\":[{\"@type\":\"WebPage\",\"@id\":\"https:\/\/muzeumcystersow.pl\/en\/\",\"url\":\"https:\/\/muzeumcystersow.pl\/en\/\",\"name\":\"Homepage &#8211; Muzeum Duchowo\u015bci i Kultury Cysters\u00f3w wraz z Bibliotek\u0105 w Opactwie Cysters\u00f3w w Mogile\",\"isPartOf\":{\"@id\":\"https:\/\/muzeumcystersow.pl\/en\/#website\"},\"datePublished\":\"2021-10-22T15:57:33+00:00\",\"dateModified\":\"2025-10-26T08:39:13+00:00\",\"breadcrumb\":{\"@id\":\"https:\/\/muzeumcystersow.pl\/en\/#breadcrumb\"},\"inLanguage\":\"en-US\",\"potentialAction\":[{\"@type\":\"ReadAction\",\"target\":[\"https:\/\/muzeumcystersow.pl\/en\/\"]}]},{\"@type\":\"BreadcrumbList\",\"@id\":\"https:\/\/muzeumcystersow.pl\/en\/#breadcrumb\",\"itemListElement\":[{\"@type\":\"ListItem\",\"position\":1,\"name\":\"Strona g\u0142\u00f3wna\",\"item\":\"https:\/\/muzeumcystersow.pl\/en\/\"},{\"@type\":\"ListItem\",\"position\":2,\"name\":\"Homepage\"}]},{\"@type\":\"WebSite\",\"@id\":\"https:\/\/muzeumcystersow.pl\/en\/#website\",\"url\":\"https:\/\/muzeumcystersow.pl\/en\/\",\"name\":\"Muzeum Cysters\u00f3w w Mogile\",\"description\":\"Ora et labora\",\"publisher\":{\"@id\":\"https:\/\/muzeumcystersow.pl\/en\/#organization\"},\"potentialAction\":[{\"@type\":\"SearchAction\",\"target\":{\"@type\":\"EntryPoint\",\"urlTemplate\":\"https:\/\/muzeumcystersow.pl\/en\/?s={search_term_string}\"},\"query-input\":\"required name=search_term_string\"}],\"inLanguage\":\"en-US\"},{\"@type\":\"Organization\",\"@id\":\"https:\/\/muzeumcystersow.pl\/en\/#organization\",\"name\":\"Muzeum Cysters\u00f3w w Mogile\",\"url\":\"https:\/\/muzeumcystersow.pl\/en\/\",\"logo\":{\"@type\":\"ImageObject\",\"inLanguage\":\"en-US\",\"@id\":\"https:\/\/muzeumcystersow.pl\/en\/#\/schema\/logo\/image\/\",\"url\":\"https:\/\/muzeumcystersow.pl\/wp-content\/uploads\/2021\/10\/logo_cystersi_450px.png\",\"contentUrl\":\"https:\/\/muzeumcystersow.pl\/wp-content\/uploads\/2021\/10\/logo_cystersi_450px.png\",\"width\":450,\"height\":245,\"caption\":\"Muzeum Cysters\u00f3w w Mogile\"},\"image\":{\"@id\":\"https:\/\/muzeumcystersow.pl\/en\/#\/schema\/logo\/image\/\"},\"sameAs\":[\"https:\/\/www.facebook.com\/muzeumcystersow\",\"https:\/\/www.instagram.com\/muzeumcystersow\/\"]}]}<\/script>\n<!-- \/ Yoast SEO plugin. -->","yoast_head_json":{"title":"Homepage &#8211; Muzeum Duchowo\u015bci i Kultury Cysters\u00f3w wraz z Bibliotek\u0105 w Opactwie Cysters\u00f3w w Mogile","robots":{"index":"index","follow":"follow","max-snippet":"max-snippet:-1","max-image-preview":"max-image-preview:large","max-video-preview":"max-video-preview:-1"},"canonical":"https:\/\/muzeumcystersow.pl\/en\/","og_locale":"en_US","og_type":"article","og_title":"Homepage &#8211; Muzeum Duchowo\u015bci i Kultury Cysters\u00f3w wraz z Bibliotek\u0105 w Opactwie Cysters\u00f3w w Mogile","og_description":"Museum of Cistercian Spirituality and Culture with the Library in the Cistercian Abbey in Mogi\u0142a The theme of the exhibition presented at the Museum is the spirituality and culture of the Cistercian Order, delivered through the prism of the material contribution made to the development of Europe and its intangible heritage. The exhibition shows the [&hellip;]","og_url":"https:\/\/muzeumcystersow.pl\/en\/","og_site_name":"Muzeum Duchowo\u015bci i Kultury Cysters\u00f3w wraz z Bibliotek\u0105 w Opactwie Cysters\u00f3w w Mogile","article_publisher":"https:\/\/www.facebook.com\/muzeumcystersow","article_modified_time":"2025-10-26T08:39:13+00:00","twitter_card":"summary_large_image","twitter_misc":{"Est. reading time":"1 minute"},"schema":{"@context":"https:\/\/schema.org","@graph":[{"@type":"WebPage","@id":"https:\/\/muzeumcystersow.pl\/en\/","url":"https:\/\/muzeumcystersow.pl\/en\/","name":"Homepage &#8211; Muzeum Duchowo\u015bci i Kultury Cysters\u00f3w wraz z Bibliotek\u0105 w Opactwie Cysters\u00f3w w Mogile","isPartOf":{"@id":"https:\/\/muzeumcystersow.pl\/en\/#website"},"datePublished":"2021-10-22T15:57:33+00:00","dateModified":"2025-10-26T08:39:13+00:00","breadcrumb":{"@id":"https:\/\/muzeumcystersow.pl\/en\/#breadcrumb"},"inLanguage":"en-US","potentialAction":[{"@type":"ReadAction","target":["https:\/\/muzeumcystersow.pl\/en\/"]}]},{"@type":"BreadcrumbList","@id":"https:\/\/muzeumcystersow.pl\/en\/#breadcrumb","itemListElement":[{"@type":"ListItem","position":1,"name":"Strona g\u0142\u00f3wna","item":"https:\/\/muzeumcystersow.pl\/en\/"},{"@type":"ListItem","position":2,"name":"Homepage"}]},{"@type":"WebSite","@id":"https:\/\/muzeumcystersow.pl\/en\/#website","url":"https:\/\/muzeumcystersow.pl\/en\/","name":"Muzeum Cysters\u00f3w w Mogile","description":"Ora et labora","publisher":{"@id":"https:\/\/muzeumcystersow.pl\/en\/#organization"},"potentialAction":[{"@type":"SearchAction","target":{"@type":"EntryPoint","urlTemplate":"https:\/\/muzeumcystersow.pl\/en\/?s={search_term_string}"},"query-input":"required name=search_term_string"}],"inLanguage":"en-US"},{"@type":"Organization","@id":"https:\/\/muzeumcystersow.pl\/en\/#organization","name":"Muzeum Cysters\u00f3w w Mogile","url":"https:\/\/muzeumcystersow.pl\/en\/","logo":{"@type":"ImageObject","inLanguage":"en-US","@id":"https:\/\/muzeumcystersow.pl\/en\/#\/schema\/logo\/image\/","url":"https:\/\/muzeumcystersow.pl\/wp-content\/uploads\/2021\/10\/logo_cystersi_450px.png","contentUrl":"https:\/\/muzeumcystersow.pl\/wp-content\/uploads\/2021\/10\/logo_cystersi_450px.png","width":450,"height":245,"caption":"Muzeum Cysters\u00f3w w Mogile"},"image":{"@id":"https:\/\/muzeumcystersow.pl\/en\/#\/schema\/logo\/image\/"},"sameAs":["https:\/\/www.facebook.com\/muzeumcystersow","https:\/\/www.instagram.com\/muzeumcystersow\/"]}]}},"_links":{"self":[{"href":"https:\/\/muzeumcystersow.pl\/en\/wp-json\/wp\/v2\/pages\/673","targetHints":{"allow":["GET"]}}],"collection":[{"href":"https:\/\/muzeumcystersow.pl\/en\/wp-json\/wp\/v2\/pages"}],"about":[{"href":"https:\/\/muzeumcystersow.pl\/en\/wp-json\/wp\/v2\/types\/page"}],"author":[{"embeddable":true,"href":"https:\/\/muzeumcystersow.pl\/en\/wp-json\/wp\/v2\/users\/1"}],"replies":[{"embeddable":true,"href":"https:\/\/muzeumcystersow.pl\/en\/wp-json\/wp\/v2\/comments?post=673"}],"version-history":[{"count":11,"href":"https:\/\/muzeumcystersow.pl\/en\/wp-json\/wp\/v2\/pages\/673\/revisions"}],"predecessor-version":[{"id":1078,"href":"https:\/\/muzeumcystersow.pl\/en\/wp-json\/wp\/v2\/pages\/673\/revisions\/1078"}],"wp:attachment":[{"href":"https:\/\/muzeumcystersow.pl\/en\/wp-json\/wp\/v2\/media?parent=673"}],"curies":[{"name":"wp","href":"https:\/\/api.w.org\/{rel}","templated":true}]}}