{"id":644,"date":"2021-12-16T16:46:10","date_gmt":"2021-12-16T15:46:10","guid":{"rendered":"https:\/\/muzeumcystersow.pl\/archiwum\/"},"modified":"2022-01-04T10:15:16","modified_gmt":"2022-01-04T09:15:16","slug":"the-monastery-archive","status":"publish","type":"page","link":"https:\/\/muzeumcystersow.pl\/en\/the-monastery-archive\/","title":{"rendered":"The Monastery Archive"},"content":{"rendered":"\n<h2>\n\t\tThe Monastery Archive\n\t<\/h2>\n\t<p>The Archive in Mogi\u0142a collects manuscripts, incunabuls and old prints, which constitute a valuable base of historical knowledge.<\/p>\n<p>Our archive does not operate as a separate unit, therefore it is necessary to submit the application form by e-mail in advance.<\/p>\n<p>Please contact us to arrange the possibility and a convenient date for both sides to use the materials. Due to the ongoing conservation work on our archives, some items from the resource may not be available.<\/p>\n<a href=\"https:\/\/muzeumcystersow.pl\/wp-content\/uploads\/2021\/12\/Katalog-Archiwum-Opactwa-Cystersow-w-Mogile-G.-Kowalski-K.-Kaczmarczyk.pdf\">Click here<\/a> to see the catalog of the collections (in polish).<br \/>\n<a href=\"https:\/\/muzeumcystersow.pl\/wp-content\/uploads\/2021\/12\/Formularz-zgloszeniowy-Archiwum-Opactwa-Cystersow-w-Mogile.pdf\">Click here<\/a> to complete the application form (polish version, will be translated).\n<p>___<\/p>\n<p>For a catalog of incunabula, <a href=\"https:\/\/muzeumcystersow.pl\/wp-content\/uploads\/2021\/12\/Katalog-inkunabulow-Biblioteki-Opactwa-Mogilskiego-oraz-katalog-inkunabulow-Biblioteki-klasztoru-Cystersow-w-Szczyrzycu-G.-Kowalski.pdf\" target=\"_blank\" rel=\"noopener\">click here (polish)<\/a>.<\/p>\n<p>Archive regulations, <a href=\"https:\/\/muzeumcystersow.pl\/wp-content\/uploads\/2021\/12\/Regulamin-Archiwum-Cystersow-w-Mogile.pdf\">click here (polish)<\/a>.<\/p>\n\t\t\t\t<img loading=\"lazy\" decoding=\"async\" src=\"https:\/\/muzeumcystersow.pl\/wp-content\/uploads\/2021\/12\/DSCF1049-2.jpg\" alt=\"DSCF1049-2\" itemprop=\"image\" height=\"800\" width=\"1200\" title=\"DSCF1049-2\" onerror=\"this.style.display='none'\"  \/>\n\t\t\t\t<img loading=\"lazy\" decoding=\"async\" src=\"https:\/\/muzeumcystersow.pl\/wp-content\/uploads\/2021\/10\/loga_poziomo.png\" alt=\"loga_poziomo\" itemprop=\"image\" height=\"291\" width=\"1500\" title=\"loga_poziomo\" onerror=\"this.style.display='none'\"  \/>\n\t\t\t\t<img loading=\"lazy\" decoding=\"async\" src=\"https:\/\/muzeumcystersow.pl\/wp-content\/uploads\/2021\/10\/loga_pionowo.png\" alt=\"loga_pionowo\" itemprop=\"image\" height=\"912\" width=\"648\" title=\"loga_pionowo\" onerror=\"this.style.display='none'\"  \/>\n\n","protected":false},"excerpt":{"rendered":"<p>The Monastery Archive The Archive in Mogi\u0142a collects manuscripts, incunabuls and old prints, which constitute a valuable base of historical knowledge. Our archive does not operate as a separate unit, therefore it is necessary to submit the application form by e-mail in advance. Please contact us to arrange the possibility and a convenient date for [&hellip;]<\/p>\n","protected":false},"author":2,"featured_media":0,"parent":0,"menu_order":0,"comment_status":"closed","ping_status":"closed","template":"","meta":{"site-sidebar-layout":"no-sidebar","site-content-layout":"page-builder","ast-site-content-layout":"","site-content-style":"default","site-sidebar-style":"default","ast-global-header-display":"","ast-banner-title-visibility":"","ast-main-header-display":"","ast-hfb-above-header-display":"","ast-hfb-below-header-display":"","ast-hfb-mobile-header-display":"","site-post-title":"disabled","ast-breadcrumbs-content":"","ast-featured-img":"disabled","footer-sml-layout":"","theme-transparent-header-meta":"default","adv-header-id-meta":"","stick-header-meta":"","header-above-stick-meta":"","header-main-stick-meta":"","header-below-stick-meta":"","astra-migrate-meta-layouts":"default","ast-page-background-enabled":"default","ast-page-background-meta":{"desktop":{"background-color":"var(--ast-global-color-4)","background-image":"","background-repeat":"repeat","background-position":"center center","background-size":"auto","background-attachment":"scroll","background-type":"","background-media":"","overlay-type":"","overlay-color":"","overlay-gradient":""},"tablet":{"background-color":"","background-image":"","background-repeat":"repeat","background-position":"center center","background-size":"auto","background-attachment":"scroll","background-type":"","background-media":"","overlay-type":"","overlay-color":"","overlay-gradient":""},"mobile":{"background-color":"","background-image":"","background-repeat":"repeat","background-position":"center center","background-size":"auto","background-attachment":"scroll","background-type":"","background-media":"","overlay-type":"","overlay-color":"","overlay-gradient":""}},"ast-content-background-meta":{"desktop":{"background-color":"var(--ast-global-color-5)","background-image":"","background-repeat":"repeat","background-position":"center center","background-size":"auto","background-attachment":"scroll","background-type":"","background-media":"","overlay-type":"","overlay-color":"","overlay-gradient":""},"tablet":{"background-color":"var(--ast-global-color-5)","background-image":"","background-repeat":"repeat","background-position":"center center","background-size":"auto","background-attachment":"scroll","background-type":"","background-media":"","overlay-type":"","overlay-color":"","overlay-gradient":""},"mobile":{"background-color":"var(--ast-global-color-5)","background-image":"","background-repeat":"repeat","background-position":"center center","background-size":"auto","background-attachment":"scroll","background-type":"","background-media":"","overlay-type":"","overlay-color":"","overlay-gradient":""}},"footnotes":""},"class_list":["post-644","page","type-page","status-publish","hentry"],"yoast_head":"<!-- This site is optimized with the Yoast SEO plugin v22.4 - https:\/\/yoast.com\/wordpress\/plugins\/seo\/ -->\n<title>The Monastery Archive &#8211; Muzeum Duchowo\u015bci i Kultury Cysters\u00f3w wraz z Bibliotek\u0105 w Opactwie Cysters\u00f3w w Mogile<\/title>\n<meta name=\"robots\" content=\"index, follow, max-snippet:-1, max-image-preview:large, max-video-preview:-1\" \/>\n<link rel=\"canonical\" href=\"https:\/\/muzeumcystersow.pl\/en\/the-monastery-archive\/\" \/>\n<meta property=\"og:locale\" content=\"en_US\" \/>\n<meta property=\"og:type\" content=\"article\" \/>\n<meta property=\"og:title\" content=\"The Monastery Archive &#8211; Muzeum Duchowo\u015bci i Kultury Cysters\u00f3w wraz z Bibliotek\u0105 w Opactwie Cysters\u00f3w w Mogile\" \/>\n<meta property=\"og:description\" content=\"The Monastery Archive The Archive in Mogi\u0142a collects manuscripts, incunabuls and old prints, which constitute a valuable base of historical knowledge. Our archive does not operate as a separate unit, therefore it is necessary to submit the application form by e-mail in advance. Please contact us to arrange the possibility and a convenient date for [&hellip;]\" \/>\n<meta property=\"og:url\" content=\"https:\/\/muzeumcystersow.pl\/en\/the-monastery-archive\/\" \/>\n<meta property=\"og:site_name\" content=\"Muzeum Duchowo\u015bci i Kultury Cysters\u00f3w wraz z Bibliotek\u0105 w Opactwie Cysters\u00f3w w Mogile\" \/>\n<meta property=\"article:publisher\" content=\"https:\/\/www.facebook.com\/muzeumcystersow\" \/>\n<meta property=\"article:modified_time\" content=\"2022-01-04T09:15:16+00:00\" \/>\n<meta property=\"og:image\" content=\"https:\/\/muzeumcystersow.pl\/wp-content\/uploads\/2021\/12\/DSCF1049-2.jpg\" \/>\n<meta name=\"twitter:card\" content=\"summary_large_image\" \/>\n<meta name=\"twitter:label1\" content=\"Est. reading time\" \/>\n\t<meta name=\"twitter:data1\" content=\"1 minute\" \/>\n<script type=\"application\/ld+json\" class=\"yoast-schema-graph\">{\"@context\":\"https:\/\/schema.org\",\"@graph\":[{\"@type\":\"WebPage\",\"@id\":\"https:\/\/muzeumcystersow.pl\/en\/the-monastery-archive\/\",\"url\":\"https:\/\/muzeumcystersow.pl\/en\/the-monastery-archive\/\",\"name\":\"The Monastery Archive &#8211; Muzeum Duchowo\u015bci i Kultury Cysters\u00f3w wraz z Bibliotek\u0105 w Opactwie Cysters\u00f3w w Mogile\",\"isPartOf\":{\"@id\":\"https:\/\/muzeumcystersow.pl\/en\/#website\"},\"primaryImageOfPage\":{\"@id\":\"https:\/\/muzeumcystersow.pl\/en\/the-monastery-archive\/#primaryimage\"},\"image\":{\"@id\":\"https:\/\/muzeumcystersow.pl\/en\/the-monastery-archive\/#primaryimage\"},\"thumbnailUrl\":\"https:\/\/muzeumcystersow.pl\/wp-content\/uploads\/2021\/12\/DSCF1049-2.jpg\",\"datePublished\":\"2021-12-16T15:46:10+00:00\",\"dateModified\":\"2022-01-04T09:15:16+00:00\",\"breadcrumb\":{\"@id\":\"https:\/\/muzeumcystersow.pl\/en\/the-monastery-archive\/#breadcrumb\"},\"inLanguage\":\"en-US\",\"potentialAction\":[{\"@type\":\"ReadAction\",\"target\":[\"https:\/\/muzeumcystersow.pl\/en\/the-monastery-archive\/\"]}]},{\"@type\":\"ImageObject\",\"inLanguage\":\"en-US\",\"@id\":\"https:\/\/muzeumcystersow.pl\/en\/the-monastery-archive\/#primaryimage\",\"url\":\"https:\/\/muzeumcystersow.pl\/wp-content\/uploads\/2021\/12\/DSCF1049-2.jpg\",\"contentUrl\":\"https:\/\/muzeumcystersow.pl\/wp-content\/uploads\/2021\/12\/DSCF1049-2.jpg\"},{\"@type\":\"BreadcrumbList\",\"@id\":\"https:\/\/muzeumcystersow.pl\/en\/the-monastery-archive\/#breadcrumb\",\"itemListElement\":[{\"@type\":\"ListItem\",\"position\":1,\"name\":\"Strona g\u0142\u00f3wna\",\"item\":\"https:\/\/muzeumcystersow.pl\/en\/\"},{\"@type\":\"ListItem\",\"position\":2,\"name\":\"The Monastery Archive\"}]},{\"@type\":\"WebSite\",\"@id\":\"https:\/\/muzeumcystersow.pl\/en\/#website\",\"url\":\"https:\/\/muzeumcystersow.pl\/en\/\",\"name\":\"Muzeum Cysters\u00f3w w Mogile\",\"description\":\"Ora et labora\",\"publisher\":{\"@id\":\"https:\/\/muzeumcystersow.pl\/en\/#organization\"},\"potentialAction\":[{\"@type\":\"SearchAction\",\"target\":{\"@type\":\"EntryPoint\",\"urlTemplate\":\"https:\/\/muzeumcystersow.pl\/en\/?s={search_term_string}\"},\"query-input\":\"required name=search_term_string\"}],\"inLanguage\":\"en-US\"},{\"@type\":\"Organization\",\"@id\":\"https:\/\/muzeumcystersow.pl\/en\/#organization\",\"name\":\"Muzeum Cysters\u00f3w w Mogile\",\"url\":\"https:\/\/muzeumcystersow.pl\/en\/\",\"logo\":{\"@type\":\"ImageObject\",\"inLanguage\":\"en-US\",\"@id\":\"https:\/\/muzeumcystersow.pl\/en\/#\/schema\/logo\/image\/\",\"url\":\"https:\/\/muzeumcystersow.pl\/wp-content\/uploads\/2021\/10\/logo_cystersi_450px.png\",\"contentUrl\":\"https:\/\/muzeumcystersow.pl\/wp-content\/uploads\/2021\/10\/logo_cystersi_450px.png\",\"width\":450,\"height\":245,\"caption\":\"Muzeum Cysters\u00f3w w Mogile\"},\"image\":{\"@id\":\"https:\/\/muzeumcystersow.pl\/en\/#\/schema\/logo\/image\/\"},\"sameAs\":[\"https:\/\/www.facebook.com\/muzeumcystersow\",\"https:\/\/www.instagram.com\/muzeumcystersow\/\"]}]}<\/script>\n<!-- \/ Yoast SEO plugin. -->","yoast_head_json":{"title":"The Monastery Archive &#8211; Muzeum Duchowo\u015bci i Kultury Cysters\u00f3w wraz z Bibliotek\u0105 w Opactwie Cysters\u00f3w w Mogile","robots":{"index":"index","follow":"follow","max-snippet":"max-snippet:-1","max-image-preview":"max-image-preview:large","max-video-preview":"max-video-preview:-1"},"canonical":"https:\/\/muzeumcystersow.pl\/en\/the-monastery-archive\/","og_locale":"en_US","og_type":"article","og_title":"The Monastery Archive &#8211; Muzeum Duchowo\u015bci i Kultury Cysters\u00f3w wraz z Bibliotek\u0105 w Opactwie Cysters\u00f3w w Mogile","og_description":"The Monastery Archive The Archive in Mogi\u0142a collects manuscripts, incunabuls and old prints, which constitute a valuable base of historical knowledge. Our archive does not operate as a separate unit, therefore it is necessary to submit the application form by e-mail in advance. Please contact us to arrange the possibility and a convenient date for [&hellip;]","og_url":"https:\/\/muzeumcystersow.pl\/en\/the-monastery-archive\/","og_site_name":"Muzeum Duchowo\u015bci i Kultury Cysters\u00f3w wraz z Bibliotek\u0105 w Opactwie Cysters\u00f3w w Mogile","article_publisher":"https:\/\/www.facebook.com\/muzeumcystersow","article_modified_time":"2022-01-04T09:15:16+00:00","og_image":[{"url":"https:\/\/muzeumcystersow.pl\/wp-content\/uploads\/2021\/12\/DSCF1049-2.jpg"}],"twitter_card":"summary_large_image","twitter_misc":{"Est. reading time":"1 minute"},"schema":{"@context":"https:\/\/schema.org","@graph":[{"@type":"WebPage","@id":"https:\/\/muzeumcystersow.pl\/en\/the-monastery-archive\/","url":"https:\/\/muzeumcystersow.pl\/en\/the-monastery-archive\/","name":"The Monastery Archive &#8211; Muzeum Duchowo\u015bci i Kultury Cysters\u00f3w wraz z Bibliotek\u0105 w Opactwie Cysters\u00f3w w Mogile","isPartOf":{"@id":"https:\/\/muzeumcystersow.pl\/en\/#website"},"primaryImageOfPage":{"@id":"https:\/\/muzeumcystersow.pl\/en\/the-monastery-archive\/#primaryimage"},"image":{"@id":"https:\/\/muzeumcystersow.pl\/en\/the-monastery-archive\/#primaryimage"},"thumbnailUrl":"https:\/\/muzeumcystersow.pl\/wp-content\/uploads\/2021\/12\/DSCF1049-2.jpg","datePublished":"2021-12-16T15:46:10+00:00","dateModified":"2022-01-04T09:15:16+00:00","breadcrumb":{"@id":"https:\/\/muzeumcystersow.pl\/en\/the-monastery-archive\/#breadcrumb"},"inLanguage":"en-US","potentialAction":[{"@type":"ReadAction","target":["https:\/\/muzeumcystersow.pl\/en\/the-monastery-archive\/"]}]},{"@type":"ImageObject","inLanguage":"en-US","@id":"https:\/\/muzeumcystersow.pl\/en\/the-monastery-archive\/#primaryimage","url":"https:\/\/muzeumcystersow.pl\/wp-content\/uploads\/2021\/12\/DSCF1049-2.jpg","contentUrl":"https:\/\/muzeumcystersow.pl\/wp-content\/uploads\/2021\/12\/DSCF1049-2.jpg"},{"@type":"BreadcrumbList","@id":"https:\/\/muzeumcystersow.pl\/en\/the-monastery-archive\/#breadcrumb","itemListElement":[{"@type":"ListItem","position":1,"name":"Strona g\u0142\u00f3wna","item":"https:\/\/muzeumcystersow.pl\/en\/"},{"@type":"ListItem","position":2,"name":"The Monastery Archive"}]},{"@type":"WebSite","@id":"https:\/\/muzeumcystersow.pl\/en\/#website","url":"https:\/\/muzeumcystersow.pl\/en\/","name":"Muzeum Cysters\u00f3w w Mogile","description":"Ora et labora","publisher":{"@id":"https:\/\/muzeumcystersow.pl\/en\/#organization"},"potentialAction":[{"@type":"SearchAction","target":{"@type":"EntryPoint","urlTemplate":"https:\/\/muzeumcystersow.pl\/en\/?s={search_term_string}"},"query-input":"required name=search_term_string"}],"inLanguage":"en-US"},{"@type":"Organization","@id":"https:\/\/muzeumcystersow.pl\/en\/#organization","name":"Muzeum Cysters\u00f3w w Mogile","url":"https:\/\/muzeumcystersow.pl\/en\/","logo":{"@type":"ImageObject","inLanguage":"en-US","@id":"https:\/\/muzeumcystersow.pl\/en\/#\/schema\/logo\/image\/","url":"https:\/\/muzeumcystersow.pl\/wp-content\/uploads\/2021\/10\/logo_cystersi_450px.png","contentUrl":"https:\/\/muzeumcystersow.pl\/wp-content\/uploads\/2021\/10\/logo_cystersi_450px.png","width":450,"height":245,"caption":"Muzeum Cysters\u00f3w w Mogile"},"image":{"@id":"https:\/\/muzeumcystersow.pl\/en\/#\/schema\/logo\/image\/"},"sameAs":["https:\/\/www.facebook.com\/muzeumcystersow","https:\/\/www.instagram.com\/muzeumcystersow\/"]}]}},"_links":{"self":[{"href":"https:\/\/muzeumcystersow.pl\/en\/wp-json\/wp\/v2\/pages\/644","targetHints":{"allow":["GET"]}}],"collection":[{"href":"https:\/\/muzeumcystersow.pl\/en\/wp-json\/wp\/v2\/pages"}],"about":[{"href":"https:\/\/muzeumcystersow.pl\/en\/wp-json\/wp\/v2\/types\/page"}],"author":[{"embeddable":true,"href":"https:\/\/muzeumcystersow.pl\/en\/wp-json\/wp\/v2\/users\/2"}],"replies":[{"embeddable":true,"href":"https:\/\/muzeumcystersow.pl\/en\/wp-json\/wp\/v2\/comments?post=644"}],"version-history":[{"count":3,"href":"https:\/\/muzeumcystersow.pl\/en\/wp-json\/wp\/v2\/pages\/644\/revisions"}],"predecessor-version":[{"id":677,"href":"https:\/\/muzeumcystersow.pl\/en\/wp-json\/wp\/v2\/pages\/644\/revisions\/677"}],"wp:attachment":[{"href":"https:\/\/muzeumcystersow.pl\/en\/wp-json\/wp\/v2\/media?parent=644"}],"curies":[{"name":"wp","href":"https:\/\/api.w.org\/{rel}","templated":true}]}}