{"id":636,"date":"2022-01-03T11:14:37","date_gmt":"2022-01-03T10:14:37","guid":{"rendered":"https:\/\/muzeumcystersow.pl\/about-the-museum\/"},"modified":"2022-01-03T13:45:31","modified_gmt":"2022-01-03T12:45:31","slug":"about-the-museum","status":"publish","type":"page","link":"https:\/\/muzeumcystersow.pl\/en\/about-the-museum\/","title":{"rendered":"About the museum"},"content":{"rendered":"\n<h2>\n\t\tAbout the museum\n\t<\/h2>\n\t<p>The first idea about the establishment of the museum were carried in Mogi\u0142a as early as in the 1970s at the initiative of Father Hugo Leszczy\u0144ski. Perhaps such ideas were born earlier, but there are no sources for it. Father Hugo had no doubt that the legacy of the order was so extensive and valuable it should be presented to the community.<\/p>\n<p>The Cistercian Abbey in Mogi\u0142a has been continually collecting various types of works of art since 1222 &#8211; from parchment documents, through valuable books, goldsmithing, liturgical fabrics to paintings and sculptures, often referring to the history and achievements of the order.<\/p>\n<p>However, to establish the museum, considerable financial resources were necessary. Thanks to EU funds and state subsidies, the idea of Father Hugo could become reality about 20 years after his death.<\/p>\n<p>In 2014 Father Abbot Piotr Chojnacki submitted the application for funding the project. The realisation took almost 7 years and involved the reconstruction of the existing ground-floor rooms in the part of the monastery known as Abbot&#8217;s Palace and arranging them for exhibition space.<\/p>\n\t\t\t\t<img loading=\"lazy\" decoding=\"async\" src=\"https:\/\/muzeumcystersow.pl\/wp-content\/uploads\/2021\/12\/o-muzeum.jpg\" alt=\"o-muzeum\" itemprop=\"image\" height=\"900\" width=\"531\" title=\"o-muzeum\" onerror=\"this.style.display='none'\"  \/>\n\t\t\t\t<img decoding=\"async\" src=\"https:\/\/muzeumcystersow.pl\/wp-content\/plugins\/bb-plugin\/img\/pixel.png\" alt=\"\" itemprop=\"image\" onerror=\"this.style.display='none'\"  \/>\n\t\t\t\t<img loading=\"lazy\" decoding=\"async\" src=\"https:\/\/muzeumcystersow.pl\/wp-content\/uploads\/2021\/10\/loga_poziomo.png\" alt=\"loga_poziomo\" itemprop=\"image\" height=\"291\" width=\"1500\" title=\"loga_poziomo\" onerror=\"this.style.display='none'\"  \/>\n\t\t\t\t<img loading=\"lazy\" decoding=\"async\" src=\"https:\/\/muzeumcystersow.pl\/wp-content\/uploads\/2021\/10\/loga_pionowo.png\" alt=\"loga_pionowo\" itemprop=\"image\" height=\"912\" width=\"648\" title=\"loga_pionowo\" onerror=\"this.style.display='none'\"  \/>\n\n","protected":false},"excerpt":{"rendered":"<p>About the museum The first idea about the establishment of the museum were carried in Mogi\u0142a as early as in the 1970s at the initiative of Father Hugo Leszczy\u0144ski. Perhaps such ideas were born earlier, but there are no sources for it. Father Hugo had no doubt that the legacy of the order was so [&hellip;]<\/p>\n","protected":false},"author":2,"featured_media":0,"parent":0,"menu_order":0,"comment_status":"closed","ping_status":"closed","template":"","meta":{"site-sidebar-layout":"no-sidebar","site-content-layout":"page-builder","ast-site-content-layout":"","site-content-style":"default","site-sidebar-style":"default","ast-global-header-display":"","ast-banner-title-visibility":"","ast-main-header-display":"","ast-hfb-above-header-display":"","ast-hfb-below-header-display":"","ast-hfb-mobile-header-display":"","site-post-title":"disabled","ast-breadcrumbs-content":"","ast-featured-img":"disabled","footer-sml-layout":"","theme-transparent-header-meta":"default","adv-header-id-meta":"","stick-header-meta":"","header-above-stick-meta":"","header-main-stick-meta":"","header-below-stick-meta":"","astra-migrate-meta-layouts":"default","ast-page-background-enabled":"default","ast-page-background-meta":{"desktop":{"background-color":"var(--ast-global-color-4)","background-image":"","background-repeat":"repeat","background-position":"center center","background-size":"auto","background-attachment":"scroll","background-type":"","background-media":"","overlay-type":"","overlay-color":"","overlay-gradient":""},"tablet":{"background-color":"","background-image":"","background-repeat":"repeat","background-position":"center center","background-size":"auto","background-attachment":"scroll","background-type":"","background-media":"","overlay-type":"","overlay-color":"","overlay-gradient":""},"mobile":{"background-color":"","background-image":"","background-repeat":"repeat","background-position":"center center","background-size":"auto","background-attachment":"scroll","background-type":"","background-media":"","overlay-type":"","overlay-color":"","overlay-gradient":""}},"ast-content-background-meta":{"desktop":{"background-color":"var(--ast-global-color-5)","background-image":"","background-repeat":"repeat","background-position":"center center","background-size":"auto","background-attachment":"scroll","background-type":"","background-media":"","overlay-type":"","overlay-color":"","overlay-gradient":""},"tablet":{"background-color":"var(--ast-global-color-5)","background-image":"","background-repeat":"repeat","background-position":"center center","background-size":"auto","background-attachment":"scroll","background-type":"","background-media":"","overlay-type":"","overlay-color":"","overlay-gradient":""},"mobile":{"background-color":"var(--ast-global-color-5)","background-image":"","background-repeat":"repeat","background-position":"center center","background-size":"auto","background-attachment":"scroll","background-type":"","background-media":"","overlay-type":"","overlay-color":"","overlay-gradient":""}},"footnotes":""},"class_list":["post-636","page","type-page","status-publish","hentry"],"yoast_head":"<!-- This site is optimized with the Yoast SEO plugin v22.4 - https:\/\/yoast.com\/wordpress\/plugins\/seo\/ -->\n<title>About the museum &#8211; Muzeum Duchowo\u015bci i Kultury Cysters\u00f3w wraz z Bibliotek\u0105 w Opactwie Cysters\u00f3w w Mogile<\/title>\n<meta name=\"robots\" content=\"index, follow, max-snippet:-1, max-image-preview:large, max-video-preview:-1\" \/>\n<link rel=\"canonical\" href=\"https:\/\/muzeumcystersow.pl\/en\/about-the-museum\/\" \/>\n<meta property=\"og:locale\" content=\"en_US\" \/>\n<meta property=\"og:type\" content=\"article\" \/>\n<meta property=\"og:title\" content=\"About the museum &#8211; Muzeum Duchowo\u015bci i Kultury Cysters\u00f3w wraz z Bibliotek\u0105 w Opactwie Cysters\u00f3w w Mogile\" \/>\n<meta property=\"og:description\" content=\"About the museum The first idea about the establishment of the museum were carried in Mogi\u0142a as early as in the 1970s at the initiative of Father Hugo Leszczy\u0144ski. Perhaps such ideas were born earlier, but there are no sources for it. Father Hugo had no doubt that the legacy of the order was so [&hellip;]\" \/>\n<meta property=\"og:url\" content=\"https:\/\/muzeumcystersow.pl\/en\/about-the-museum\/\" \/>\n<meta property=\"og:site_name\" content=\"Muzeum Duchowo\u015bci i Kultury Cysters\u00f3w wraz z Bibliotek\u0105 w Opactwie Cysters\u00f3w w Mogile\" \/>\n<meta property=\"article:publisher\" content=\"https:\/\/www.facebook.com\/muzeumcystersow\" \/>\n<meta property=\"article:modified_time\" content=\"2022-01-03T12:45:31+00:00\" \/>\n<meta property=\"og:image\" content=\"https:\/\/muzeumcystersow.pl\/wp-content\/uploads\/2021\/12\/o-muzeum.jpg\" \/>\n<meta name=\"twitter:card\" content=\"summary_large_image\" \/>\n<meta name=\"twitter:label1\" content=\"Est. reading time\" \/>\n\t<meta name=\"twitter:data1\" content=\"1 minute\" \/>\n<script type=\"application\/ld+json\" class=\"yoast-schema-graph\">{\"@context\":\"https:\/\/schema.org\",\"@graph\":[{\"@type\":\"WebPage\",\"@id\":\"https:\/\/muzeumcystersow.pl\/en\/about-the-museum\/\",\"url\":\"https:\/\/muzeumcystersow.pl\/en\/about-the-museum\/\",\"name\":\"About the museum &#8211; Muzeum Duchowo\u015bci i Kultury Cysters\u00f3w wraz z Bibliotek\u0105 w Opactwie Cysters\u00f3w w Mogile\",\"isPartOf\":{\"@id\":\"https:\/\/muzeumcystersow.pl\/en\/#website\"},\"primaryImageOfPage\":{\"@id\":\"https:\/\/muzeumcystersow.pl\/en\/about-the-museum\/#primaryimage\"},\"image\":{\"@id\":\"https:\/\/muzeumcystersow.pl\/en\/about-the-museum\/#primaryimage\"},\"thumbnailUrl\":\"https:\/\/muzeumcystersow.pl\/wp-content\/uploads\/2021\/12\/o-muzeum.jpg\",\"datePublished\":\"2022-01-03T10:14:37+00:00\",\"dateModified\":\"2022-01-03T12:45:31+00:00\",\"breadcrumb\":{\"@id\":\"https:\/\/muzeumcystersow.pl\/en\/about-the-museum\/#breadcrumb\"},\"inLanguage\":\"en-US\",\"potentialAction\":[{\"@type\":\"ReadAction\",\"target\":[\"https:\/\/muzeumcystersow.pl\/en\/about-the-museum\/\"]}]},{\"@type\":\"ImageObject\",\"inLanguage\":\"en-US\",\"@id\":\"https:\/\/muzeumcystersow.pl\/en\/about-the-museum\/#primaryimage\",\"url\":\"https:\/\/muzeumcystersow.pl\/wp-content\/uploads\/2021\/12\/o-muzeum.jpg\",\"contentUrl\":\"https:\/\/muzeumcystersow.pl\/wp-content\/uploads\/2021\/12\/o-muzeum.jpg\"},{\"@type\":\"BreadcrumbList\",\"@id\":\"https:\/\/muzeumcystersow.pl\/en\/about-the-museum\/#breadcrumb\",\"itemListElement\":[{\"@type\":\"ListItem\",\"position\":1,\"name\":\"Strona g\u0142\u00f3wna\",\"item\":\"https:\/\/muzeumcystersow.pl\/en\/\"},{\"@type\":\"ListItem\",\"position\":2,\"name\":\"About the museum\"}]},{\"@type\":\"WebSite\",\"@id\":\"https:\/\/muzeumcystersow.pl\/en\/#website\",\"url\":\"https:\/\/muzeumcystersow.pl\/en\/\",\"name\":\"Muzeum Cysters\u00f3w w Mogile\",\"description\":\"Ora et labora\",\"publisher\":{\"@id\":\"https:\/\/muzeumcystersow.pl\/en\/#organization\"},\"potentialAction\":[{\"@type\":\"SearchAction\",\"target\":{\"@type\":\"EntryPoint\",\"urlTemplate\":\"https:\/\/muzeumcystersow.pl\/en\/?s={search_term_string}\"},\"query-input\":\"required name=search_term_string\"}],\"inLanguage\":\"en-US\"},{\"@type\":\"Organization\",\"@id\":\"https:\/\/muzeumcystersow.pl\/en\/#organization\",\"name\":\"Muzeum Cysters\u00f3w w Mogile\",\"url\":\"https:\/\/muzeumcystersow.pl\/en\/\",\"logo\":{\"@type\":\"ImageObject\",\"inLanguage\":\"en-US\",\"@id\":\"https:\/\/muzeumcystersow.pl\/en\/#\/schema\/logo\/image\/\",\"url\":\"https:\/\/muzeumcystersow.pl\/wp-content\/uploads\/2021\/10\/logo_cystersi_450px.png\",\"contentUrl\":\"https:\/\/muzeumcystersow.pl\/wp-content\/uploads\/2021\/10\/logo_cystersi_450px.png\",\"width\":450,\"height\":245,\"caption\":\"Muzeum Cysters\u00f3w w Mogile\"},\"image\":{\"@id\":\"https:\/\/muzeumcystersow.pl\/en\/#\/schema\/logo\/image\/\"},\"sameAs\":[\"https:\/\/www.facebook.com\/muzeumcystersow\",\"https:\/\/www.instagram.com\/muzeumcystersow\/\"]}]}<\/script>\n<!-- \/ Yoast SEO plugin. -->","yoast_head_json":{"title":"About the museum &#8211; Muzeum Duchowo\u015bci i Kultury Cysters\u00f3w wraz z Bibliotek\u0105 w Opactwie Cysters\u00f3w w Mogile","robots":{"index":"index","follow":"follow","max-snippet":"max-snippet:-1","max-image-preview":"max-image-preview:large","max-video-preview":"max-video-preview:-1"},"canonical":"https:\/\/muzeumcystersow.pl\/en\/about-the-museum\/","og_locale":"en_US","og_type":"article","og_title":"About the museum &#8211; Muzeum Duchowo\u015bci i Kultury Cysters\u00f3w wraz z Bibliotek\u0105 w Opactwie Cysters\u00f3w w Mogile","og_description":"About the museum The first idea about the establishment of the museum were carried in Mogi\u0142a as early as in the 1970s at the initiative of Father Hugo Leszczy\u0144ski. Perhaps such ideas were born earlier, but there are no sources for it. Father Hugo had no doubt that the legacy of the order was so [&hellip;]","og_url":"https:\/\/muzeumcystersow.pl\/en\/about-the-museum\/","og_site_name":"Muzeum Duchowo\u015bci i Kultury Cysters\u00f3w wraz z Bibliotek\u0105 w Opactwie Cysters\u00f3w w Mogile","article_publisher":"https:\/\/www.facebook.com\/muzeumcystersow","article_modified_time":"2022-01-03T12:45:31+00:00","og_image":[{"url":"https:\/\/muzeumcystersow.pl\/wp-content\/uploads\/2021\/12\/o-muzeum.jpg"}],"twitter_card":"summary_large_image","twitter_misc":{"Est. reading time":"1 minute"},"schema":{"@context":"https:\/\/schema.org","@graph":[{"@type":"WebPage","@id":"https:\/\/muzeumcystersow.pl\/en\/about-the-museum\/","url":"https:\/\/muzeumcystersow.pl\/en\/about-the-museum\/","name":"About the museum &#8211; Muzeum Duchowo\u015bci i Kultury Cysters\u00f3w wraz z Bibliotek\u0105 w Opactwie Cysters\u00f3w w Mogile","isPartOf":{"@id":"https:\/\/muzeumcystersow.pl\/en\/#website"},"primaryImageOfPage":{"@id":"https:\/\/muzeumcystersow.pl\/en\/about-the-museum\/#primaryimage"},"image":{"@id":"https:\/\/muzeumcystersow.pl\/en\/about-the-museum\/#primaryimage"},"thumbnailUrl":"https:\/\/muzeumcystersow.pl\/wp-content\/uploads\/2021\/12\/o-muzeum.jpg","datePublished":"2022-01-03T10:14:37+00:00","dateModified":"2022-01-03T12:45:31+00:00","breadcrumb":{"@id":"https:\/\/muzeumcystersow.pl\/en\/about-the-museum\/#breadcrumb"},"inLanguage":"en-US","potentialAction":[{"@type":"ReadAction","target":["https:\/\/muzeumcystersow.pl\/en\/about-the-museum\/"]}]},{"@type":"ImageObject","inLanguage":"en-US","@id":"https:\/\/muzeumcystersow.pl\/en\/about-the-museum\/#primaryimage","url":"https:\/\/muzeumcystersow.pl\/wp-content\/uploads\/2021\/12\/o-muzeum.jpg","contentUrl":"https:\/\/muzeumcystersow.pl\/wp-content\/uploads\/2021\/12\/o-muzeum.jpg"},{"@type":"BreadcrumbList","@id":"https:\/\/muzeumcystersow.pl\/en\/about-the-museum\/#breadcrumb","itemListElement":[{"@type":"ListItem","position":1,"name":"Strona g\u0142\u00f3wna","item":"https:\/\/muzeumcystersow.pl\/en\/"},{"@type":"ListItem","position":2,"name":"About the museum"}]},{"@type":"WebSite","@id":"https:\/\/muzeumcystersow.pl\/en\/#website","url":"https:\/\/muzeumcystersow.pl\/en\/","name":"Muzeum Cysters\u00f3w w Mogile","description":"Ora et labora","publisher":{"@id":"https:\/\/muzeumcystersow.pl\/en\/#organization"},"potentialAction":[{"@type":"SearchAction","target":{"@type":"EntryPoint","urlTemplate":"https:\/\/muzeumcystersow.pl\/en\/?s={search_term_string}"},"query-input":"required name=search_term_string"}],"inLanguage":"en-US"},{"@type":"Organization","@id":"https:\/\/muzeumcystersow.pl\/en\/#organization","name":"Muzeum Cysters\u00f3w w Mogile","url":"https:\/\/muzeumcystersow.pl\/en\/","logo":{"@type":"ImageObject","inLanguage":"en-US","@id":"https:\/\/muzeumcystersow.pl\/en\/#\/schema\/logo\/image\/","url":"https:\/\/muzeumcystersow.pl\/wp-content\/uploads\/2021\/10\/logo_cystersi_450px.png","contentUrl":"https:\/\/muzeumcystersow.pl\/wp-content\/uploads\/2021\/10\/logo_cystersi_450px.png","width":450,"height":245,"caption":"Muzeum Cysters\u00f3w w Mogile"},"image":{"@id":"https:\/\/muzeumcystersow.pl\/en\/#\/schema\/logo\/image\/"},"sameAs":["https:\/\/www.facebook.com\/muzeumcystersow","https:\/\/www.instagram.com\/muzeumcystersow\/"]}]}},"_links":{"self":[{"href":"https:\/\/muzeumcystersow.pl\/en\/wp-json\/wp\/v2\/pages\/636","targetHints":{"allow":["GET"]}}],"collection":[{"href":"https:\/\/muzeumcystersow.pl\/en\/wp-json\/wp\/v2\/pages"}],"about":[{"href":"https:\/\/muzeumcystersow.pl\/en\/wp-json\/wp\/v2\/types\/page"}],"author":[{"embeddable":true,"href":"https:\/\/muzeumcystersow.pl\/en\/wp-json\/wp\/v2\/users\/2"}],"replies":[{"embeddable":true,"href":"https:\/\/muzeumcystersow.pl\/en\/wp-json\/wp\/v2\/comments?post=636"}],"version-history":[{"count":2,"href":"https:\/\/muzeumcystersow.pl\/en\/wp-json\/wp\/v2\/pages\/636\/revisions"}],"predecessor-version":[{"id":646,"href":"https:\/\/muzeumcystersow.pl\/en\/wp-json\/wp\/v2\/pages\/636\/revisions\/646"}],"wp:attachment":[{"href":"https:\/\/muzeumcystersow.pl\/en\/wp-json\/wp\/v2\/media?parent=636"}],"curies":[{"name":"wp","href":"https:\/\/api.w.org\/{rel}","templated":true}]}}